{"id":2883,"date":"2023-11-26T16:19:09","date_gmt":"2023-11-26T16:19:09","guid":{"rendered":"https:\/\/www.gourmello.de\/?page_id=2883"},"modified":"2026-03-12T16:45:57","modified_gmt":"2026-03-12T16:45:57","slug":"leckerwissen","status":"publish","type":"page","link":"https:\/\/www.gourmello.de\/en\/leckerwissen\/","title":{"rendered":"LECKERWISSEN"},"content":{"rendered":"<div class=\"wp-block-uagb-container uagb-block-33cb5dc0 alignfull uagb-is-root-container\"><div class=\"uagb-container__shape uagb-container__shape-bottom uagb-container__invert\" data-negative=\"false\"><svg xmlns=\"https:\/\/www.w3.org\/2000\/svg\" viewbox=\"0 0 283.5 27.8\" preserveaspectratio=\"none\"><path class=\"uagb-container__shape-fill\" d=\"M283.5,9.7c0,0-7.3,4.3-14,4.6c-6.8,0.3-12.6,0-20.9-1.5c-11.3-2-33.1-10.1-44.7-5.7\ts-12.1,4.6-18,7.4c-6.6,3.2-20,9.6-36.6,9.3C131.6,23.5,99.5,7.2,86.3,8c-1.4,0.1-6.6,0.8-10.5,2c-3.8,1.2-9.4,3.8-17,4.7\tc-3.2,0.4-8.3,1.1-14.2,0.9c-1.5-0.1-6.3-0.4-12-1.6c-5.7-1.2-11-3.1-15.8-3.7C6.5,9.2,0,10.8,0,10.8V0h283.5V9.7z M260.8,11.3\tc-0.7-1-2-0.4-4.3-0.4c-2.3,0-6.1-1.2-5.8-1.1c0.3,0.1,3.1,1.5,6,1.9C259.7,12.2,261.4,12.3,260.8,11.3z M242.4,8.6\tc0,0-2.4-0.2-5.6-0.9c-3.2-0.8-10.3-2.8-15.1-3.5c-8.2-1.1-15.8,0-15.1,0.1c0.8,0.1,9.6-0.6,17.6,1.1c3.3,0.7,9.3,2.2,12.4,2.7\tC239.9,8.7,242.4,8.6,242.4,8.6z M185.2,8.5c1.7-0.7-13.3,4.7-18.5,6.1c-2.1,0.6-6.2,1.6-10,2c-3.9,0.4-8.9,0.4-8.8,0.5\tc0,0.2,5.8,0.8,11.2,0c5.4-0.8,5.2-1.1,7.6-1.6C170.5,14.7,183.5,9.2,185.2,8.5z M199.1,6.9c0.2,0-0.8-0.4-4.8,1.1\tc-4,1.5-6.7,3.5-6.9,3.7c-0.2,0.1,3.5-1.8,6.6-3C197,7.5,199,6.9,199.1,6.9z M283,6c-0.1,0.1-1.9,1.1-4.8,2.5s-6.9,2.8-6.7,2.7\tc0.2,0,3.5-0.6,7.4-2.5C282.8,6.8,283.1,5.9,283,6z M31.3,11.6c0.1-0.2-1.9-0.2-4.5-1.2s-5.4-1.6-7.8-2C15,7.6,7.3,8.5,7.7,8.6\tC8,8.7,15.9,8.3,20.2,9.3c2.2,0.5,2.4,0.5,5.7,1.6S31.2,11.9,31.3,11.6z M73,9.2c0.4-0.1,3.5-1.6,8.4-2.6c4.9-1.1,8.9-0.5,8.9-0.8\tc0-0.3-1-0.9-6.2-0.3S72.6,9.3,73,9.2z M71.6,6.7C71.8,6.8,75,5.4,77.3,5c2.3-0.3,1.9-0.5,1.9-0.6c0-0.1-1.1-0.2-2.7,0.2\tC74.8,5.1,71.4,6.6,71.6,6.7z M93.6,4.4c0.1,0.2,3.5,0.8,5.6,1.8c2.1,1,1.8,0.6,1.9,0.5c0.1-0.1-0.8-0.8-2.4-1.3\tC97.1,4.8,93.5,4.2,93.6,4.4z M65.4,11.1c-0.1,0.3,0.3,0.5,1.9-0.2s2.6-1.3,2.2-1.2s-0.9,0.4-2.5,0.8C65.3,10.9,65.5,10.8,65.4,11.1\tz M34.5,12.4c-0.2,0,2.1,0.8,3.3,0.9c1.2,0.1,2,0.1,2-0.2c0-0.3-0.1-0.5-1.6-0.4C36.6,12.8,34.7,12.4,34.5,12.4z M152.2,21.1\tc-0.1,0.1-2.4-0.3-7.5-0.3c-5,0-13.6-2.4-17.2-3.5c-3.6-1.1,10,3.9,16.5,4.1C150.5,21.6,152.3,21,152.2,21.1z\"><\/path><path class=\"uagb-container__shape-fill\" d=\"M269.6,18c-0.1-0.1-4.6,0.3-7.2,0c-7.3-0.7-17-3.2-16.6-2.9c0.4,0.3,13.7,3.1,17,3.3\tC267.7,18.8,269.7,18,269.6,18z\"><\/path><path class=\"uagb-container__shape-fill\" d=\"M227.4,9.8c-0.2-0.1-4.5-1-9.5-1.2c-5-0.2-12.7,0.6-12.3,0.5c0.3-0.1,5.9-1.8,13.3-1.2\tS227.6,9.9,227.4,9.8z\"><\/path><path class=\"uagb-container__shape-fill\" d=\"M204.5,13.4c-0.1-0.1,2-1,3.2-1.1c1.2-0.1,2,0,2,0.3c0,0.3-0.1,0.5-1.6,0.4\tC206.4,12.9,204.6,13.5,204.5,13.4z\"><\/path><path class=\"uagb-container__shape-fill\" d=\"M201,10.6c0-0.1-4.4,1.2-6.3,2.2c-1.9,0.9-6.2,3.1-6.1,3.1c0.1,0.1,4.2-1.6,6.3-2.6\tS201,10.7,201,10.6z\"><\/path><path class=\"uagb-container__shape-fill\" d=\"M154.5,26.7c-0.1-0.1-4.6,0.3-7.2,0c-7.3-0.7-17-3.2-16.6-2.9c0.4,0.3,13.7,3.1,17,3.3\tC152.6,27.5,154.6,26.8,154.5,26.7z\"><\/path><path class=\"uagb-container__shape-fill\" d=\"M41.9,19.3c0,0,1.2-0.3,2.9-0.1c1.7,0.2,5.8,0.9,8.2,0.7c4.2-0.4,7.4-2.7,7-2.6\tc-0.4,0-4.3,2.2-8.6,1.9c-1.8-0.1-5.1-0.5-6.7-0.4S41.9,19.3,41.9,19.3z\"><\/path><path class=\"uagb-container__shape-fill\" d=\"M75.5,12.6c0.2,0.1,2-0.8,4.3-1.1c2.3-0.2,2.1-0.3,2.1-0.5c0-0.1-1.8-0.4-3.4,0\tC76.9,11.5,75.3,12.5,75.5,12.6z\"><\/path><path class=\"uagb-container__shape-fill\" d=\"M15.6,13.2c0-0.1,4.3,0,6.7,0.5c2.4,0.5,5,1.9,5,2c0,0.1-2.7-0.8-5.1-1.4\tC19.9,13.7,15.7,13.3,15.6,13.2z\"><\/path><\/svg><\/div><div class=\"uagb-container-inner-blocks-wrap\">\n<div class=\"wp-block-uagb-advanced-heading uagb-block-97cd107d uag-hide-mob\"><h1 class=\"uagb-heading-text\"><strong>NUTRITIONAL EDUCATION <\/strong><\/h1><\/div>\n\n\n\n<div class=\"wp-block-uagb-advanced-heading uagb-block-7b8e55b1 uag-hide-mob\"><h1 class=\"uagb-heading-text\"><strong>FOR BIG AND SMALL<\/strong><\/h1><\/div>\n\n\n\n<div class=\"wp-block-uagb-advanced-heading uagb-block-ba6328c7 uag-hide-desktop uag-hide-tab\"><h2 class=\"uagb-heading-text\"><strong>ERN\u00c4HRUNGSBILDUNG F\u00dcR<br> <mark style=\"background-color:rgba(0, 0, 0, 0)\" class=\"has-inline-color has-ast-global-color-0-color\">GRO\u00df UND KLEIN<\/mark><\/strong><\/h2><\/div>\n<\/div><\/div>\n\n\n\n<div class=\"wp-block-uagb-container uagb-block-0c73ba02 alignfull uagb-is-root-container\"><div class=\"uagb-container__shape uagb-container__shape-bottom uagb-container__invert\" data-negative=\"false\"><svg xmlns=\"https:\/\/www.w3.org\/2000\/svg\" viewbox=\"0 0 1000 100\" preserveaspectratio=\"none\"><path class=\"uagb-container__shape-fill\" opacity=\"0.33\" d=\"M473,67.3c-203.9,88.3-263.1-34-320.3,0C66,119.1,0,59.7,0,59.7V0h1000v59.7 c0,0-62.1,26.1-94.9,29.3c-32.8,3.3-62.8-12.3-75.8-22.1C806,49.6,745.3,8.7,694.9,4.7S492.4,59,473,67.3z\"><\/path><path class=\"uagb-container__shape-fill\" opacity=\"0.66\" d=\"M734,67.3c-45.5,0-77.2-23.2-129.1-39.1c-28.6-8.7-150.3-10.1-254,39.1 s-91.7-34.4-149.2,0C115.7,118.3,0,39.8,0,39.8V0h1000v36.5c0,0-28.2-18.5-92.1-18.5C810.2,18.1,775.7,67.3,734,67.3z\"><\/path><path class=\"uagb-container__shape-fill\" d=\"M766.1,28.9c-200-57.5-266,65.5-395.1,19.5C242,1.8,242,5.4,184.8,20.6C128,35.8,132.3,44.9,89.9,52.5C28.6,63.7,0,0,0,0 h1000c0,0-9.9,40.9-83.6,48.1S829.6,47,766.1,28.9z\"><\/path><\/svg><\/div>\n<div class=\"wp-block-uagb-advanced-heading uagb-block-61a3304e\"><h1 class=\"uagb-heading-text\">We awaken <mark style=\"background-color:rgba(0, 0, 0, 0)\" class=\"has-inline-color has-ast-global-color-0-color\">enthusiasm<\/mark>!<\/h1><\/div>\n\n\n\n<div data-aos= \"fade-down\" data-aos-duration=\"400\" data-aos-delay=\"0\" data-aos-easing=\"ease\" data-aos-once=\"true\" class=\"wp-block-uagb-advanced-heading uagb-block-5baa38f8\"><h4 class=\"uagb-heading-text\">In LECKER<strong>WISSEN<\/strong> We run courses on the topics of health, nutrition, the environment and sustainability as part of our \"Adventure Kitchen\". We also adapt project days or project weeks to the respective class levels. We also provide preventative advice to daycare and school teams on various nutrition topics and are happy to attend parents' evenings.<\/h4><\/div>\n<\/div>\n\n\n\n<div class=\"wp-block-uagb-container uagb-block-576e60dd alignfull uagb-is-root-container\"><div class=\"uagb-container__shape uagb-container__shape-top\"><svg xmlns=\"https:\/\/www.w3.org\/2000\/svg\" viewbox=\"0 0 1000 100\" preserveaspectratio=\"none\"><path class=\"uagb-container__shape-fill\" opacity=\"0.33\" d=\"M473,67.3c-203.9,88.3-263.1-34-320.3,0C66,119.1,0,59.7,0,59.7V0h1000v59.7 c0,0-62.1,26.1-94.9,29.3c-32.8,3.3-62.8-12.3-75.8-22.1C806,49.6,745.3,8.7,694.9,4.7S492.4,59,473,67.3z\"><\/path><path class=\"uagb-container__shape-fill\" opacity=\"0.66\" d=\"M734,67.3c-45.5,0-77.2-23.2-129.1-39.1c-28.6-8.7-150.3-10.1-254,39.1 s-91.7-34.4-149.2,0C115.7,118.3,0,39.8,0,39.8V0h1000v36.5c0,0-28.2-18.5-92.1-18.5C810.2,18.1,775.7,67.3,734,67.3z\"><\/path><path class=\"uagb-container__shape-fill\" d=\"M766.1,28.9c-200-57.5-266,65.5-395.1,19.5C242,1.8,242,5.4,184.8,20.6C128,35.8,132.3,44.9,89.9,52.5C28.6,63.7,0,0,0,0 h1000c0,0-9.9,40.9-83.6,48.1S829.6,47,766.1,28.9z\"><\/path><\/svg><\/div>\n<div class=\"wp-block-uagb-advanced-heading uagb-block-19ed3412\"><h2 class=\"uagb-heading-text\">Impressions of our<\/h2><\/div>\n\n\n\n<div class=\"wp-block-uagb-advanced-heading uagb-block-4d54237a\"><h2 class=\"uagb-heading-text\"><mark style=\"background-color:rgba(0, 0, 0, 0)\" class=\"has-inline-color has-ast-global-color-0-color\">LECKERWISSEN<\/mark><\/h2><\/div>\n\n\n\n<div class=\"wp-block-uagb-advanced-heading uagb-block-e581d363\"><h2 class=\"uagb-heading-text\">Workshops:<\/h2><div class=\"uagb-separator\"><\/div><\/div>\n\n\n\n<div class=\"wp-block-essential-blocks-image-gallery  root-eb-image-gallery-8w2l9\"><div class=\"eb-parent-wrapper eb-parent-eb-image-gallery-8w2l9 eb_animation eb___animated eb___slideInRight\"><ul class=\"eb-img-gallery-filter-wrapper filter-wrapper-eb-image-gallery-8w2l9 default\" data-id=\"eb-image-gallery-8w2l9\"><li class=\"eb-img-gallery-filter-item\" data-filter=\"*\" data-id=\"eb-image-gallery-8w2l9\">Alle<\/li><li class=\"eb-img-gallery-filter-item\" data-filter=\".eb-filter-img-kinder-workshops\" data-id=\"eb-image-gallery-8w2l9\">Childrens workshops<\/li><li class=\"eb-img-gallery-filter-item\" data-filter=\".eb-filter-img-erwachsenen-workshops\" data-id=\"eb-image-gallery-8w2l9\">Adult workshops<\/li><\/ul><div class=\"eb-gallery-img-wrapper eb-image-gallery-8w2l9 default v2 masonry null enable-isotope eb-filterable-img-gallery  overlay-bottom caption-style-0 caption-on-hover\" data-id=\"eb-image-gallery-8w2l9\" data-default-filter=\"*\" data-searchfilter=\"false\"><div class=\"grid-sizer\"><\/div><a href=\"https:\/\/www.gourmello.de\/wp-content\/uploads\/2023\/12\/workshop-polen-2-scaled.jpg\" rel=\"noopener\" data-fslightbox=\"gallery\" data-type=\"image\" class=\"eb-gallery-img-content  eb-filter-img-erwachsenen-workshops\"><span class=\"eb-gallery-link-wrapper\"><img decoding=\"async\" class=\"eb-gallery-img\" src=\"https:\/\/www.gourmello.de\/wp-content\/uploads\/2023\/12\/workshop-polen-2-scaled.jpg\" image-index=\"0\" alt=\"\" title=\"\"><span class=\"eb-img-gallery-content center bottom\"><span class=\"eb-gallery-img-caption\">Kochen um die Welt: Polen<\/span><\/span><\/span><\/a><a href=\"https:\/\/www.gourmello.de\/wp-content\/uploads\/2023\/12\/workshop-Osetrei-hoch-upscaled-1-scaled.jpg\" rel=\"noopener\" data-fslightbox=\"gallery\" data-type=\"image\" class=\"eb-gallery-img-content  eb-filter-img-kinder-workshops\"><span class=\"eb-gallery-link-wrapper\"><img decoding=\"async\" class=\"eb-gallery-img\" src=\"https:\/\/www.gourmello.de\/wp-content\/uploads\/2023\/12\/workshop-Osetrei-hoch-upscaled-1-scaled.jpg\" image-index=\"1\" alt=\"\" title=\"\"><span class=\"eb-img-gallery-content center bottom\"><span class=\"eb-gallery-img-caption\">Easter eggs with colors from nature<\/span><\/span><\/span><\/a><a href=\"https:\/\/www.gourmello.de\/wp-content\/uploads\/2023\/12\/workshop-nudeln-hoch-upscaled-1-scaled.jpg\" rel=\"noopener\" data-fslightbox=\"gallery\" data-type=\"image\" class=\"eb-gallery-img-content  eb-filter-img-kinder-workshops\"><span class=\"eb-gallery-link-wrapper\"><img decoding=\"async\" class=\"eb-gallery-img\" src=\"https:\/\/www.gourmello.de\/wp-content\/uploads\/2023\/12\/workshop-nudeln-hoch-upscaled-1-scaled.jpg\" image-index=\"2\" alt=\"\" title=\"\"><span class=\"eb-img-gallery-content center bottom\"><span class=\"eb-gallery-img-caption\">From flour to noodles<\/span><\/span><\/span><\/a><a href=\"https:\/\/www.gourmello.de\/wp-content\/uploads\/2023\/12\/workshop-upscaled-1-1-scaled-e1707663445218.jpg\" rel=\"noopener\" data-fslightbox=\"gallery\" data-type=\"image\" class=\"eb-gallery-img-content  eb-filter-img-kinder-workshops\"><span class=\"eb-gallery-link-wrapper\"><img decoding=\"async\" class=\"eb-gallery-img\" src=\"https:\/\/www.gourmello.de\/wp-content\/uploads\/2023\/12\/workshop-upscaled-1-1-scaled-e1707663445218.jpg\" image-index=\"3\" alt=\"\" title=\"\"><span class=\"eb-img-gallery-content center bottom\"><span class=\"eb-gallery-img-caption\">Healthy breakfast<\/span><\/span><\/span><\/a><a href=\"https:\/\/www.gourmello.de\/wp-content\/uploads\/2023\/12\/workshop-georgien-upscaled-1-scaled.jpg\" rel=\"noopener\" data-fslightbox=\"gallery\" data-type=\"image\" class=\"eb-gallery-img-content  eb-filter-img-erwachsenen-workshops\"><span class=\"eb-gallery-link-wrapper\"><img decoding=\"async\" class=\"eb-gallery-img\" src=\"https:\/\/www.gourmello.de\/wp-content\/uploads\/2023\/12\/workshop-georgien-upscaled-1-scaled.jpg\" image-index=\"4\" alt=\"\" title=\"\"><span class=\"eb-img-gallery-content center bottom\"><span class=\"eb-gallery-img-caption\">Cooking around the world: Georgia<\/span><\/span><\/span><\/a><a href=\"https:\/\/www.gourmello.de\/wp-content\/uploads\/2023\/12\/Workshop-Lebkuchen-upscaled-1-scaled.jpg\" rel=\"noopener\" data-fslightbox=\"gallery\" data-type=\"image\" class=\"eb-gallery-img-content  eb-filter-img-kinder-workshops\"><span class=\"eb-gallery-link-wrapper\"><img decoding=\"async\" class=\"eb-gallery-img\" src=\"https:\/\/www.gourmello.de\/wp-content\/uploads\/2023\/12\/Workshop-Lebkuchen-upscaled-1-scaled.jpg\" image-index=\"5\" alt=\"\" title=\"\"><span class=\"eb-img-gallery-content center bottom\"><span class=\"eb-gallery-img-caption\">Christmas bakery<\/span><\/span><\/span><\/a><a href=\"https:\/\/www.gourmello.de\/wp-content\/uploads\/2023\/12\/workshop-kraeuter-upscaled-1-scaled.jpg\" rel=\"noopener\" data-fslightbox=\"gallery\" data-type=\"image\" class=\"eb-gallery-img-content  eb-filter-img-kinder-workshops\"><span class=\"eb-gallery-link-wrapper\"><img decoding=\"async\" class=\"eb-gallery-img\" src=\"https:\/\/www.gourmello.de\/wp-content\/uploads\/2023\/12\/workshop-kraeuter-upscaled-1-scaled.jpg\" image-index=\"6\" alt=\"\" title=\"\"><span class=\"eb-img-gallery-content center bottom\"><span class=\"eb-gallery-img-caption\">The world of herbs<\/span><\/span><\/span><\/a><a href=\"https:\/\/www.gourmello.de\/wp-content\/uploads\/2024\/01\/afrika-scaled.jpg\" rel=\"noopener\" data-fslightbox=\"gallery\" data-type=\"image\" class=\"eb-gallery-img-content  eb-filter-img-erwachsenen-workshops\"><span class=\"eb-gallery-link-wrapper\"><img decoding=\"async\" class=\"eb-gallery-img\" src=\"https:\/\/www.gourmello.de\/wp-content\/uploads\/2024\/01\/afrika-scaled.jpg\" image-index=\"7\" alt=\"\" title=\"\"><span class=\"eb-img-gallery-content center bottom\"><span class=\"eb-gallery-img-caption\">Cooking around the world: Nigeria<\/span><\/span><\/span><\/a><a href=\"https:\/\/www.gourmello.de\/wp-content\/uploads\/2024\/01\/Pizza-bakceen-scaled.jpg\" rel=\"noopener\" data-fslightbox=\"gallery\" data-type=\"image\" class=\"eb-gallery-img-content  eb-filter-img-kinder-workshops\"><span class=\"eb-gallery-link-wrapper\"><img decoding=\"async\" class=\"eb-gallery-img\" src=\"https:\/\/www.gourmello.de\/wp-content\/uploads\/2024\/01\/Pizza-bakceen-scaled.jpg\" image-index=\"8\" alt=\"\" title=\"\"><span class=\"eb-img-gallery-content center bottom\"><span class=\"eb-gallery-img-caption\">Bake pizza yourself<\/span><\/span><\/span><\/a><\/div><div id=\"eb-img-gallery-not-found\"><svg width=\"72\" height=\"73\" viewbox=\"0 0 72 73\" fill=\"none\" xmlns=\"http:\/\/www.w3.org\/2000\/svg\"><rect x=\"1.64053\" y=\"1.82071\" width=\"68.7189\" height=\"68.7189\" rx=\"14.3595\" fill=\"url(#paint0_linear_2906_31)\"><\/rect><rect x=\"1.64053\" y=\"1.82071\" width=\"68.7189\" height=\"68.7189\" rx=\"14.3595\" stroke=\"white\" stroke-width=\"3.28107\"><\/rect><path d=\"M49.3953 27.2499C49.3953 29.716 47.3962 31.7151 44.9302 31.7151C42.4642 31.7151 40.4651 29.716 40.4651 27.2499C40.4651 24.7839 42.4642 22.7848 44.9302 22.7848C47.3962 22.7848 49.3953 24.7839 49.3953 27.2499Z\" fill=\"white\"><\/path><path fill-rule=\"evenodd\" clip-rule=\"evenodd\" d=\"M35.8719 12.1802H36.1281C41.2817 12.1801 45.3205 12.1801 48.4717 12.6038C51.6972 13.0374 54.2423 13.9424 56.2401 15.9401C58.2378 17.9378 59.1427 20.483 59.5764 23.7084C60 26.8597 60 30.8985 60 36.0521V36.2492C60 40.5107 60 43.9992 59.7686 46.8396C59.536 49.694 59.0594 52.0792 57.9927 54.0601C57.5222 54.9339 56.944 55.7163 56.2401 56.4202C54.2423 58.418 51.6972 59.3229 48.4717 59.7566C45.3205 60.1802 41.2817 60.1802 36.1281 60.1802H35.8719C30.7183 60.1802 26.6795 60.1802 23.5283 59.7566C20.3028 59.3229 17.7576 58.418 15.7599 56.4202C13.9889 54.6492 13.0743 52.4449 12.5879 49.7104C12.1102 47.0243 12.0228 43.6823 12.0046 39.5323C12 38.4767 12 37.3603 12 36.1824V36.0521C12 30.8985 12 26.8597 12.4236 23.7084C12.8573 20.483 13.7622 17.9378 15.7599 15.9401C17.7576 13.9424 20.3028 13.0374 23.5283 12.6038C26.6795 12.1801 30.7183 12.1801 35.8719 12.1802ZM23.9745 15.9228C21.1204 16.3065 19.3997 17.0363 18.1279 18.3081C16.8561 19.5799 16.1263 21.3006 15.7426 24.1547C15.3524 27.057 15.3488 30.8707 15.3488 36.1802C15.3488 36.8288 15.3488 37.456 15.3496 38.0633L17.5847 36.1076C19.6192 34.3275 22.6854 34.4296 24.5969 36.3411L34.174 45.9182C35.7083 47.4525 38.1235 47.6617 39.8987 46.4141L40.5644 45.9462C43.119 44.1509 46.5752 44.3589 48.8961 46.4476L55.2152 52.1348C55.8513 50.799 56.229 49.0438 56.4308 46.5676C56.6499 43.8786 56.6512 40.5244 56.6512 36.1802C56.6512 30.8707 56.6476 27.057 56.2574 24.1547C55.8737 21.3006 55.1439 19.5799 53.8721 18.3081C52.6003 17.0363 50.8796 16.3065 48.0255 15.9228C45.1232 15.5326 41.3095 15.529 36 15.529C30.6905 15.529 26.8768 15.5326 23.9745 15.9228Z\" fill=\"white\"><\/path><defs><lineargradient id=\"paint0_linear_2906_31\" x1=\"50.8401\" y1=\"5.70096\" x2=\"36\" y2=\"72.1802\" gradientunits=\"userSpaceOnUse\"><stop stop-color=\"#D8E1ED\"><\/stop><stop offset=\"1\" stop-color=\"#C0CAD8\"><\/stop><\/lineargradient><\/defs><\/svg><p>Image Not Found! Try Again<\/p><\/div><\/div><\/div>\n<\/div>\n\n\n\n<div class=\"wp-block-uagb-container uagb-block-2111f7a3 alignfull uagb-is-root-container\"><div class=\"uagb-container-inner-blocks-wrap\">\n<div class=\"wp-block-uagb-container uagb-block-18861e58\">\n<div class=\"wp-block-uagb-advanced-heading uagb-block-a2168703\"><h2 class=\"uagb-heading-text\">Why <mark style=\"background-color:rgba(0, 0, 0, 0)\" class=\"has-inline-color has-ast-global-color-0-color\">though<\/mark>?<\/h2><div class=\"uagb-separator\"><\/div><\/div>\n\n\n\n<div class=\"wp-block-uagb-container uagb-block-2cc553eb\">\n<div class=\"wp-block-uagb-advanced-heading uagb-block-264e5b26\"><h4 class=\"uagb-heading-text\">Adopting good eating habits at an early age also reinforces them for adult life. Children want food to taste good and be enjoyable. However, the phrase \"it's healthy\" alone is not enough to arouse enthusiasm.<\/h4><\/div>\n<\/div>\n<\/div>\n\n\n\n<div class=\"wp-block-uagb-container uagb-block-d6fec137\">\n<div class=\"wp-block-uagb-image uagb-block-3f011a80 wp-block-uagb-image--layout-default wp-block-uagb-image--effect-static wp-block-uagb-image--align-none\"><figure class=\"wp-block-uagb-image__figure\"><img decoding=\"async\" srcset=\"https:\/\/www.gourmello.de\/wp-content\/uploads\/2024\/01\/7_Figur-mit-Stern-1024x1024.png ,https:\/\/www.gourmello.de\/wp-content\/uploads\/2024\/01\/7_Figur-mit-Stern.png 780w, https:\/\/www.gourmello.de\/wp-content\/uploads\/2024\/01\/7_Figur-mit-Stern.png 360w\" sizes=\"auto, (max-width: 480px) 150px\" src=\"https:\/\/www.gourmello.de\/wp-content\/uploads\/2024\/01\/7_Figur-mit-Stern-1024x1024.png\" alt=\"\" class=\"uag-image-4395\" width=\"1024\" height=\"1024\" title=\"\" loading=\"lazy\" role=\"img\"><\/figure><\/div>\n<\/div>\n<\/div><\/div>","protected":false},"excerpt":{"rendered":"<p>ERN\u00c4HRUNGSBILDUNG F\u00dcR GRO\u00df UND KLEIN ERN\u00c4HRUNGSBILDUNG F\u00dcR GRO\u00df UND KLEIN Wir wecken Begeisterung! In unserer LECKERWISSEN Erlebnisk\u00fcche f\u00fchren wir Kurse rund um die Themen Gesundheit, Ern\u00e4hrung, Umwelt und Nachhaltigkeit durch. Auch Projekttage oder Projektwochen passen wir den jeweiligen Klassenstufen an. Wir beraten auch pr\u00e4ventiv Teams in Kita und Schule zu verschiedenen Ern\u00e4hrungsthemen und kommen gern [&hellip;]<\/p>\n","protected":false},"author":1,"featured_media":0,"parent":0,"menu_order":0,"comment_status":"closed","ping_status":"closed","template":"","meta":{"_eb_attr":"","_gspb_post_css":"","_uag_custom_page_level_css":"","site-sidebar-layout":"default","site-content-layout":"","ast-site-content-layout":"default","site-content-style":"default","site-sidebar-style":"default","ast-global-header-display":"","ast-banner-title-visibility":"","ast-main-header-display":"","ast-hfb-above-header-display":"","ast-hfb-below-header-display":"","ast-hfb-mobile-header-display":"","site-post-title":"disabled","ast-breadcrumbs-content":"","ast-featured-img":"","footer-sml-layout":"","theme-transparent-header-meta":"","adv-header-id-meta":"","stick-header-meta":"","header-above-stick-meta":"","header-main-stick-meta":"","header-below-stick-meta":"","astra-migrate-meta-layouts":"set","ast-page-background-enabled":"default","ast-page-background-meta":{"desktop":{"background-color":"var(--ast-global-color-4)","background-image":"","background-repeat":"repeat","background-position":"center center","background-size":"auto","background-attachment":"scroll","background-type":"","background-media":"","overlay-type":"","overlay-color":"","overlay-opacity":"","overlay-gradient":""},"tablet":{"background-color":"","background-image":"","background-repeat":"repeat","background-position":"center center","background-size":"auto","background-attachment":"scroll","background-type":"","background-media":"","overlay-type":"","overlay-color":"","overlay-opacity":"","overlay-gradient":""},"mobile":{"background-color":"","background-image":"","background-repeat":"repeat","background-position":"center center","background-size":"auto","background-attachment":"scroll","background-type":"","background-media":"","overlay-type":"","overlay-color":"","overlay-opacity":"","overlay-gradient":""}},"ast-content-background-meta":{"desktop":{"background-color":"var(--ast-global-color-5)","background-image":"","background-repeat":"repeat","background-position":"center center","background-size":"auto","background-attachment":"scroll","background-type":"","background-media":"","overlay-type":"","overlay-color":"","overlay-opacity":"","overlay-gradient":""},"tablet":{"background-color":"var(--ast-global-color-5)","background-image":"","background-repeat":"repeat","background-position":"center center","background-size":"auto","background-attachment":"scroll","background-type":"","background-media":"","overlay-type":"","overlay-color":"","overlay-opacity":"","overlay-gradient":""},"mobile":{"background-color":"var(--ast-global-color-5)","background-image":"","background-repeat":"repeat","background-position":"center center","background-size":"auto","background-attachment":"scroll","background-type":"","background-media":"","overlay-type":"","overlay-color":"","overlay-opacity":"","overlay-gradient":""}},"footnotes":""},"class_list":["post-2883","page","type-page","status-publish","hentry"],"uagb_featured_image_src":{"full":false,"thumbnail":false,"medium":false,"medium_large":false,"large":false,"1536x1536":false,"2048x2048":false,"trp-custom-language-flag":false},"uagb_author_info":{"display_name":false,"author_link":"https:\/\/www.gourmello.de\/en\/author\/child\/"},"uagb_comment_info":0,"uagb_excerpt":"ERN\u00c4HRUNGSBILDUNG F\u00dcR GRO\u00df UND KLEIN ERN\u00c4HRUNGSBILDUNG F\u00dcR GRO\u00df UND KLEIN Wir wecken Begeisterung! In unserer LECKERWISSEN Erlebnisk\u00fcche f\u00fchren wir Kurse rund um die Themen Gesundheit, Ern\u00e4hrung, Umwelt und Nachhaltigkeit durch. Auch Projekttage oder Projektwochen passen wir den jeweiligen Klassenstufen an. Wir beraten auch pr\u00e4ventiv Teams in Kita und Schule zu verschiedenen Ern\u00e4hrungsthemen und kommen gern&hellip;","_links":{"self":[{"href":"https:\/\/www.gourmello.de\/en\/wp-json\/wp\/v2\/pages\/2883","targetHints":{"allow":["GET"]}}],"collection":[{"href":"https:\/\/www.gourmello.de\/en\/wp-json\/wp\/v2\/pages"}],"about":[{"href":"https:\/\/www.gourmello.de\/en\/wp-json\/wp\/v2\/types\/page"}],"author":[{"embeddable":true,"href":"https:\/\/www.gourmello.de\/en\/wp-json\/wp\/v2\/users\/1"}],"replies":[{"embeddable":true,"href":"https:\/\/www.gourmello.de\/en\/wp-json\/wp\/v2\/comments?post=2883"}],"version-history":[{"count":83,"href":"https:\/\/www.gourmello.de\/en\/wp-json\/wp\/v2\/pages\/2883\/revisions"}],"predecessor-version":[{"id":5381,"href":"https:\/\/www.gourmello.de\/en\/wp-json\/wp\/v2\/pages\/2883\/revisions\/5381"}],"wp:attachment":[{"href":"https:\/\/www.gourmello.de\/en\/wp-json\/wp\/v2\/media?parent=2883"}],"curies":[{"name":"wp","href":"https:\/\/api.w.org\/{rel}","templated":true}]}}