{"id":5281,"date":"2025-08-17T08:18:38","date_gmt":"2025-08-17T08:18:38","guid":{"rendered":"https:\/\/www.gourmello.de\/?page_id=5281"},"modified":"2025-10-30T11:09:01","modified_gmt":"2025-10-30T11:09:01","slug":"5281-2","status":"publish","type":"page","link":"https:\/\/www.gourmello.de\/en\/5281-2\/","title":{"rendered":"Kindergarten Abbestellung"},"content":{"rendered":"<div class=\"wp-block-uagb-container uagb-block-7a14ba77 alignfull uagb-is-root-container\"><div class=\"uagb-container-inner-blocks-wrap\">\n<div class=\"wp-block-uagb-advanced-heading uagb-block-c40cc515\"><h2 class=\"uagb-heading-text\">Change orders <mark style=\"background-color:rgba(0, 0, 0, 0)\" class=\"has-inline-color has-ast-global-color-0-color\">Kindergarden<\/mark><\/h2><\/div>\n\n\n\n<div class=\"wp-block-uagb-info-box uagb-block-486c53e5 uagb-infobox__content-wrap  uagb-infobox-icon-above-title uagb-infobox-image-valign-top\"><div class=\"uagb-ifb-content\"><div class=\"uagb-ifb-title-wrap\"><\/div><p class=\"uagb-ifb-desc\">On this page, you can easily adjust the daily number of meals for your facility. The form below allows you to order or cancel meal portions for the coming days.<br><br>Please note the following binding regulations:<br><strong>Acceptance period:<\/strong> Order changes for the <strong>current day<\/strong> will <strong>nur bis 08:00 Uhr morgens<\/strong> angenommen. Sp\u00e4ter eingehende Abbestellungen k\u00f6nnen leider nicht mehr ber\u00fccksichtigt werden. Wenn Sie versuchen, nach 08:00 Uhr f\u00fcr heute abzubestellen, wird das Formular einen Fehler anzeigen.<br><br><strong>Commitment:<\/strong> Any order made using this form is <strong>compulsory.<\/strong>It will be transferred directly to our system and the corresponding number of meals for your daycare center will be reduced.<br><br>Please only use this form to cancel portions that have already been ordered. For changes to future orders or general questions, please use our regular contact channels.<\/p><\/div><\/div>\n<\/div><\/div>\n\n\n\n<div class=\"wp-block-uagb-container uag-blocks-common-selector uagb-block-75b55745 alignfull uagb-is-root-container\"><div class=\"uagb-container-inner-blocks-wrap\">\n<div class=\"wp-block-uagb-container uagb-layout-flex uagb-block-c3f008d0 default uagb-is-root-container\"><div class=\"forminator-ui forminator-custom-form forminator-custom-form-5273 forminator-design--default forminator-enclosed forminator_ajax\" data-forminator-render=\"0\" data-form=\"forminator-module-5273\" data-uid=\"69e74d1be207b\"><br\/><\/div><form\n\t\t\t\tid=\"forminator-module-5273\"\n\t\t\t\tclass=\"forminator-ui forminator-custom-form forminator-custom-form-5273 forminator-design--default forminator-enclosed forminator_ajax\"\n\t\t\t\tmethod=\"post\"\n\t\t\t\tdata-forminator-render=\"0\"\n\t\t\t\tdata-form-id=\"5273\"\n\t\t\t\t data-color-option=\"theme\" data-design=\"default\" data-grid=\"enclosed\" style=\"display: none;\"\n\t\t\t\tdata-uid=\"69e74d1be207b\" action=\"\"\n\t\t\t><div role=\"alert\" aria-live=\"polite\" class=\"forminator-response-message forminator-error\" aria-hidden=\"true\"><\/div><div class=\"forminator-row\"><div id=\"text-1\" class=\"forminator-field-text forminator-col forminator-col-12\"><div class=\"forminator-field\"><label for=\"forminator-field-text-1_69e74d1be207b\" id=\"forminator-field-text-1_69e74d1be207b-label\" class=\"forminator-label\">Name of institution <span class=\"forminator-required\">*<\/span><\/label><input type=\"text\" name=\"text-1\" value=\"\" placeholder=\"\" id=\"forminator-field-text-1_69e74d1be207b\" class=\"forminator-input forminator-name--field\" data-required=\"1\" \/><\/div><\/div><\/div><div class=\"forminator-row\"><div id=\"text-2\" class=\"forminator-field-text forminator-col forminator-col-12\"><div class=\"forminator-field\"><label for=\"forminator-field-text-2_69e74d1be207b\" id=\"forminator-field-text-2_69e74d1be207b-label\" class=\"forminator-label\">Group name, if necessary<\/label><input type=\"text\" name=\"text-2\" value=\"\" placeholder=\"\" id=\"forminator-field-text-2_69e74d1be207b\" class=\"forminator-input forminator-name--field\" data-required=\"\" \/><\/div><\/div><\/div><div class=\"forminator-row\"><div id=\"date-1\" class=\"forminator-field-date forminator-col forminator-col-12\"><div class=\"forminator-field\"><label for=\"forminator-field-date-1-picker_69e74d1be207b\" id=\"forminator-field-date-1-picker_69e74d1be207b-label\" class=\"forminator-label\">Order for the: <span class=\"forminator-required\">*<\/span><\/label><div class=\"forminator-input-with-icon\"><span class=\"forminator-icon-calendar\" aria-hidden=\"true\"><\/span><input autocomplete=\"off\" type=\"text\" size=\"1\" name=\"date-1\" value=\"\" placeholder=\"Choose Date\" id=\"forminator-field-date-1-picker_69e74d1be207b\" class=\"forminator-input forminator-datepicker\" data-required=\"1\" data-format=\"dd\/mm\/yy\" data-restrict-type=\"\" data-restrict=\"\" data-start-year=\"2026\" data-end-year=\"2126\" data-past-dates=\"enable\" data-start-of-week=\"1\" data-start-date=\"2026-04-21\" data-end-date=\"\" data-start-field=\"\" data-end-field=\"\" data-start-offset=\"\" data-end-offset=\"\" data-disable-date=\"\" data-disable-range=\"\" \/><\/div><\/div><\/div><\/div><div class=\"forminator-row\"><div id=\"html-1\" class=\"forminator-field-html forminator-col forminator-col-12\"><div class=\"forminator-field forminator-merge-tags\" data-field=\"html-1\"><p style=\"color: #a94442;padding: 10px;background-color: #f2dede;border: 1px solid #EBCCD1;border-radius: 2px;font-size: 14px\" id=\"abbestellung-deadline-error\">Hinweis: Die Abbestellungsfrist f\u00fcr den heutigen Tag endet um 8:00 Uhr. Wenn Sie nach 8:00 Uhr abbestellen m\u00f6chten, w\u00e4hlen Sie bitte das n\u00e4chstm\u00f6gliche Datum.<\/p><\/div><\/div><\/div><div class=\"forminator-row\"><div id=\"email-1\" class=\"forminator-field-email forminator-col forminator-col-12\"><div class=\"forminator-field\"><label for=\"forminator-field-email-1_69e74d1be207b\" id=\"forminator-field-email-1_69e74d1be207b-label\" class=\"forminator-label\">E-Mail-Adress <span class=\"forminator-required\">*<\/span><\/label><input type=\"email\" name=\"email-1\" value=\"\" placeholder=\"\" id=\"forminator-field-email-1_69e74d1be207b\" class=\"forminator-input forminator-email--field\" data-required=\"1\" aria-required=\"true\" autocomplete=\"email\" aria-describedby=\"forminator-field-email-1_69e74d1be207b-description\" \/><span id=\"forminator-field-email-1_69e74d1be207b-description\" class=\"forminator-description\">f\u00fcr R\u00fcckfragen<\/span><\/div><\/div><\/div><div class=\"forminator-row\"><div id=\"checkbox-1\" class=\"forminator-field-checkbox forminator-col forminator-col-12  form-field checkbox\"><div role=\"group\" class=\"forminator-field\" aria-labelledby=\"forminator-checkbox-group-forminator-field-checkbox-1-69e74d1be207b-label\"><label id=\"forminator-field-checkbox-1-1-69e74d1be207b-label\" for=\"forminator-field-checkbox-1-1-69e74d1be207b\" class=\"forminator-checkbox\" title=\"Das Essen f\u00fcr den angegebenen Zeitraum komplett abbestellen.\"><input type=\"checkbox\" name=\"checkbox-1[]\" value=\"one\" id=\"forminator-field-checkbox-1-1-69e74d1be207b\" aria-labelledby=\"forminator-field-checkbox-1-1-69e74d1be207b-label\" data-calculation=\"0\"   data-hidden-behavior=\"zero\"\/><span class=\"forminator-checkbox-box\" aria-hidden=\"true\"><\/span><span class=\"forminator-checkbox-label\">Das Essen f\u00fcr den angegebenen Zeitraum komplett abbestellen.<\/span><\/label><\/div><\/div><\/div><div class=\"forminator-row\"><div id=\"number-1\" class=\"forminator-field-number forminator-col forminator-col-12\"><div class=\"forminator-field\"><label for=\"forminator-field-number-1_69e74d1be207b\" id=\"forminator-field-number-1_69e74d1be207b-label\" class=\"forminator-label\">Corrected number of portions: <span class=\"forminator-required\">*<\/span><\/label><input name=\"number-1\" value=\"\" placeholder=\"\" id=\"forminator-field-number-1_69e74d1be207b\" class=\"forminator-input forminator-number--field\" inputmode=\"decimal\" data-required=\"1\" data-decimals=\"0\" aria-required=\"true\" data-inputmask=\"&#039;groupSeparator&#039;: &#039;&#039;, &#039;radixPoint&#039;: &#039;&#039;, &#039;digits&#039;: &#039;0&#039;\" data-hidden-behavior=\"zero\" type=\"number\" step=\"any\" min=\"0\" max=\"150\" aria-describedby=\"forminator-field-number-1_69e74d1be207b-description\" \/><span id=\"forminator-field-number-1_69e74d1be207b-description\" class=\"forminator-description\">Including Allergies<\/span><\/div><\/div><\/div><div class=\"forminator-row\"><div id=\"textarea-2\" class=\"forminator-field-textarea forminator-col forminator-col-12\"><div class=\"forminator-field\"><label for=\"forminator-field-textarea-2_69e74d1be207b\" id=\"forminator-field-textarea-2_69e74d1be207b-label\" class=\"forminator-label\">Of which: Corrected number of allergies<\/label><textarea name=\"textarea-2\" placeholder=\"z.Bsp.: Gluten: 1, Laktose: 2, Ei: 4\" id=\"forminator-field-textarea-2_69e74d1be207b\" class=\"forminator-textarea\" rows=\"6\" style=\"min-height:140px;\" ><\/textarea><\/div><\/div><\/div><div class=\"forminator-row\"><div id=\"section-3\" class=\"forminator-field-section forminator-col forminator-col-12\"><div class=\"forminator-field\"><h3 class=\"forminator-subtitle\">Fill in only if applicable<\/h3><\/div><\/div><\/div><div class=\"forminator-row\"><div id=\"section-2\" class=\"forminator-field-section forminator-col forminator-col-12\"><div class=\"forminator-field\"><\/div><\/div><\/div><div class=\"forminator-row\"><div id=\"textarea-1\" class=\"forminator-field-textarea forminator-col forminator-col-12\"><div class=\"forminator-field\"><label for=\"forminator-field-textarea-1_69e74d1be207b\" id=\"forminator-field-textarea-1_69e74d1be207b-label\" class=\"forminator-label\">Zus\u00e4tzliche Mitteilungen<\/label><textarea name=\"textarea-1\" placeholder=\"\" id=\"forminator-field-textarea-1_69e74d1be207b\" class=\"forminator-textarea\" rows=\"6\" style=\"min-height:140px;\" ><\/textarea><\/div><\/div><\/div><div class=\"forminator-row\"><div id=\"captcha-1\" class=\"forminator-field-captcha forminator-col forminator-col-12\"><div class=\"forminator-captcha-left forminator-g-recaptcha\" data-theme=\"light\"  data-sitekey=\"6Lccs8YqAAAAAG0qT9_zF1cq7nWsG0i9TSIzyl8z\" data-size=\"normal\"><\/div> <\/div><\/div><div class=\"forminator-row\"><div id=\"radio-1\" class=\"forminator-field-radio forminator-col forminator-col-12\"><div role=\"radiogroup\" class=\"forminator-field\" aria-labelledby=\"forminator-radiogroup-radio-1-69e74d1be207b-label\"><label id=\"forminator-field-radio-1-label-1\" for=\"forminator-field-radio-1-1-69e74d1be207b\" class=\"forminator-radio\" title=\"Die angegebenen Daten gelten nur f\u00fcr den jeweiligen Tag.\"><input type=\"radio\" name=\"radio-1\" value=\"one\" id=\"forminator-field-radio-1-1-69e74d1be207b\" aria-labelledby=\"forminator-field-radio-1-label-1\" data-calculation=\"0\"   data-hidden-behavior=\"zero\"\/><span class=\"forminator-radio-bullet\" aria-hidden=\"true\"><\/span><span class=\"forminator-radio-label\">Die angegebenen Daten gelten nur f\u00fcr den jeweiligen Tag.<\/span><\/label><label id=\"forminator-field-radio-1-label-2\" for=\"forminator-field-radio-1-2-69e74d1be207b\" class=\"forminator-radio\" title=\"Die angegebenen Daten gelten f\u00fcr die gesamte KW.\"><input type=\"radio\" name=\"radio-1\" value=\"two\" id=\"forminator-field-radio-1-2-69e74d1be207b\" aria-labelledby=\"forminator-field-radio-1-label-2\" data-calculation=\"0\"   data-hidden-behavior=\"zero\"\/><span class=\"forminator-radio-bullet\" aria-hidden=\"true\"><\/span><span class=\"forminator-radio-label\">Die angegebenen Daten gelten f\u00fcr die gesamte KW.<\/span><\/label><label id=\"forminator-field-radio-1-label-3\" for=\"forminator-field-radio-1-3-69e74d1be207b\" class=\"forminator-radio\" title=\"Die angegebenen Daten gelten ab heute dauerhaft bis auf Wiederruf.\"><input type=\"radio\" name=\"radio-1\" value=\"Die-angegebenen-Daten-gelten-ab-heute-dauerhaft-bis-auf-Wiederruf\" id=\"forminator-field-radio-1-3-69e74d1be207b\" aria-labelledby=\"forminator-field-radio-1-label-3\" data-calculation=\"0\"   data-hidden-behavior=\"zero\"\/><span class=\"forminator-radio-bullet\" aria-hidden=\"true\"><\/span><span class=\"forminator-radio-label\">Die angegebenen Daten gelten ab heute dauerhaft bis auf Wiederruf.<\/span><\/label><\/div><\/div><\/div><input type=\"hidden\" name=\"referer_url\" value=\"\" \/><div class=\"forminator-row forminator-row-last\"><div class=\"forminator-col\"><div class=\"forminator-field\"><button class=\"forminator-button forminator-button-submit\">Absenden<\/button><\/div><\/div><\/div><input type=\"hidden\" id=\"forminator_nonce\" name=\"forminator_nonce\" value=\"8e157aa17e\" \/><input type=\"hidden\" name=\"_wp_http_referer\" value=\"\/en\/wp-json\/wp\/v2\/pages\/5281\" \/><input type=\"hidden\" name=\"form_id\" value=\"5273\"><input type=\"hidden\" name=\"page_id\" value=\"5281\"><input type=\"hidden\" name=\"form_type\" value=\"default\"><input type=\"hidden\" name=\"current_url\" value=\"https:\/\/www.gourmello.de\/en\/5281-2\/\"><input type=\"hidden\" name=\"render_id\" value=\"0\"><input type=\"hidden\" name=\"action\" value=\"forminator_submit_form_custom-forms\"><input type=\"hidden\" name=\"trp-form-language\" value=\"en\"\/><\/form>\n<\/div>\n<\/div><\/div>","protected":false},"excerpt":{"rendered":"<p>Ab-\/Zubestellung Kindergarten<\/p>","protected":false},"author":1,"featured_media":0,"parent":0,"menu_order":0,"comment_status":"closed","ping_status":"closed","template":"","meta":{"_eb_attr":"","_gspb_post_css":"","_uag_custom_page_level_css":"","site-sidebar-layout":"default","site-content-layout":"","ast-site-content-layout":"default","site-content-style":"default","site-sidebar-style":"default","ast-global-header-display":"","ast-banner-title-visibility":"","ast-main-header-display":"","ast-hfb-above-header-display":"","ast-hfb-below-header-display":"","ast-hfb-mobile-header-display":"","site-post-title":"","ast-breadcrumbs-content":"","ast-featured-img":"","footer-sml-layout":"","theme-transparent-header-meta":"","adv-header-id-meta":"","stick-header-meta":"","header-above-stick-meta":"","header-main-stick-meta":"","header-below-stick-meta":"","astra-migrate-meta-layouts":"set","ast-page-background-enabled":"default","ast-page-background-meta":{"desktop":{"background-color":"var(--ast-global-color-4)","background-image":"","background-repeat":"repeat","background-position":"center center","background-size":"auto","background-attachment":"scroll","background-type":"","background-media":"","overlay-type":"","overlay-color":"","overlay-opacity":"","overlay-gradient":""},"tablet":{"background-color":"","background-image":"","background-repeat":"repeat","background-position":"center center","background-size":"auto","background-attachment":"scroll","background-type":"","background-media":"","overlay-type":"","overlay-color":"","overlay-opacity":"","overlay-gradient":""},"mobile":{"background-color":"","background-image":"","background-repeat":"repeat","background-position":"center center","background-size":"auto","background-attachment":"scroll","background-type":"","background-media":"","overlay-type":"","overlay-color":"","overlay-opacity":"","overlay-gradient":""}},"ast-content-background-meta":{"desktop":{"background-color":"var(--ast-global-color-5)","background-image":"","background-repeat":"repeat","background-position":"center center","background-size":"auto","background-attachment":"scroll","background-type":"","background-media":"","overlay-type":"","overlay-color":"","overlay-opacity":"","overlay-gradient":""},"tablet":{"background-color":"var(--ast-global-color-5)","background-image":"","background-repeat":"repeat","background-position":"center center","background-size":"auto","background-attachment":"scroll","background-type":"","background-media":"","overlay-type":"","overlay-color":"","overlay-opacity":"","overlay-gradient":""},"mobile":{"background-color":"var(--ast-global-color-5)","background-image":"","background-repeat":"repeat","background-position":"center center","background-size":"auto","background-attachment":"scroll","background-type":"","background-media":"","overlay-type":"","overlay-color":"","overlay-opacity":"","overlay-gradient":""}},"footnotes":""},"class_list":["post-5281","page","type-page","status-publish","hentry"],"uagb_featured_image_src":{"full":false,"thumbnail":false,"medium":false,"medium_large":false,"large":false,"1536x1536":false,"2048x2048":false,"trp-custom-language-flag":false},"uagb_author_info":{"display_name":false,"author_link":"https:\/\/www.gourmello.de\/en\/author\/child\/"},"uagb_comment_info":0,"uagb_excerpt":"Ab-\/Zubestellung Kindergarten","_links":{"self":[{"href":"https:\/\/www.gourmello.de\/en\/wp-json\/wp\/v2\/pages\/5281","targetHints":{"allow":["GET"]}}],"collection":[{"href":"https:\/\/www.gourmello.de\/en\/wp-json\/wp\/v2\/pages"}],"about":[{"href":"https:\/\/www.gourmello.de\/en\/wp-json\/wp\/v2\/types\/page"}],"author":[{"embeddable":true,"href":"https:\/\/www.gourmello.de\/en\/wp-json\/wp\/v2\/users\/1"}],"replies":[{"embeddable":true,"href":"https:\/\/www.gourmello.de\/en\/wp-json\/wp\/v2\/comments?post=5281"}],"version-history":[{"count":10,"href":"https:\/\/www.gourmello.de\/en\/wp-json\/wp\/v2\/pages\/5281\/revisions"}],"predecessor-version":[{"id":5376,"href":"https:\/\/www.gourmello.de\/en\/wp-json\/wp\/v2\/pages\/5281\/revisions\/5376"}],"wp:attachment":[{"href":"https:\/\/www.gourmello.de\/en\/wp-json\/wp\/v2\/media?parent=5281"}],"curies":[{"name":"wp","href":"https:\/\/api.w.org\/{rel}","templated":true}]}}